{"id":365,"date":"2011-04-07T20:21:27","date_gmt":"2011-04-07T18:21:27","guid":{"rendered":"http:\/\/z52.vfdb.org\/?page_id=365"},"modified":"2025-10-29T15:29:50","modified_gmt":"2025-10-29T14:29:50","slug":"z52","status":"publish","type":"page","link":"https:\/\/z52.vfdb.org\/","title":{"rendered":"Aktuelles"},"content":{"rendered":"<h2 style=\"text-align: center;\"><strong>Willkommen beim OV W\u00fcrzburg des VFDB e.V.<br \/>\nZ52<\/strong><\/h2>\n<p style=\"text-align: center;\"><strong>mit den Clubstationen DL0DP und DL0FUS<\/strong><\/p>\n<div>\n<h6><\/h6>\n<\/div>\n<div>\n<h6 style=\"text-align: left;\"><img loading=\"lazy\" decoding=\"async\" class=\"aligncenter\" src=\"https:\/\/z52.vfdb.org\/wp\/wp-content\/uploads\/2011\/04\/Standort-von-DB0WZ1.jpg\" width=\"600\" height=\"374\" \/><\/h6>\n<\/div>\n<h5>\u00a0 \u00a0 \u00a0 \u00a0W\u00fcrzburg Nikolausberg, QTH von DB0WZ\u00a0 \u00a0 \u00a0 \u00a0 \u00a0 \u00a0 \u00a0 \u00a0 \u00a0 \u00a0 \u00a0 \u00a0 \u00a0 \u00a0 \u00a0 \u00a0 \u00a0 \u00a0 \u00a0 \u00a0 \u00a0 \u00a0 \u00a0 \u00a0 \u00a0 \u00a0 \u00a0 \u00a0 \u00a0 \u00a0 \u00a0 \u00a0 \u00a0 \u00a0 \u00a0 \u00a0 \u00a0 \u00a0 \u00a0 \u00a0 \u00a0 Foto: DG1NJ<\/h5>\n<p>______________________________________________________________<\/p>\n<div>\n<p class=\"western\" style=\"text-align: center;\"><strong><span style=\"font-size: large;\">Einladung zur Jahreshauptversammlung <\/span><\/strong><\/p>\n<p class=\"western\" style=\"text-align: center;\"><strong><span style=\"font-size: large;\">VFDB Ortsverband W\u00fcrzburg Z52<\/span><\/strong><\/p>\n<p class=\"western\">Liebe XYLs und OMs, zu unserer Jahreshauptversammlung m\u00f6chte ich euch herzlich einladen. Sie findet statt am<\/p>\n<p class=\"western\">Samstag, den 15. Nov. 2025 um 14.00 Uhr<\/p>\n<p class=\"western\">im Amateurfunkzentrum Unterfranken<\/p>\n<p class=\"western\">in W\u00fcrzburg, Am Blosenberg.<\/p>\n<p class=\"western\">Heuer finden wieder Neuwahlen statt. Die bisherige Vorstandschaft stellt sich wieder der Wahl. Weitere Wahlvorschl\u00e4ge k\u00f6nnen bis zum Beginn der Wahl beim Wahlleiter Bernd Schienzel, DB5NB abgegeben werden.<\/p>\n<p class=\"western\"><span style=\"font-size: small;\">Tagesordnung:<\/span><span style=\"font-size: small;\"><br \/>\n<\/span><span style=\"font-size: small;\">1) Er\u00f6ffnung der Mitgliederversammlung.<\/span><span style=\"font-size: small;\"><br \/>\n<\/span><span style=\"font-size: small;\">2) Wahl des Protokollf\u00fchrers.<\/span><span style=\"font-size: small;\"><br \/>\n<\/span><span style=\"font-size: small;\">3) Feststellung der ordnungsgem\u00e4\u00dfen Einberufung und Beschluss der Tagesordnung.<\/span><span style=\"font-size: small;\"><br \/>\n<\/span><span style=\"font-size: small;\">4) Berichte der Vorstandschaft.<\/span><span style=\"font-size: small;\"><br \/>\n<\/span><span style=\"font-size: small;\">5) Aussprache \u00fcber die Vorstandsberichte.<\/span><span style=\"font-size: small;\"><br \/>\n<\/span><span style=\"font-size: small;\">6) Entlastung der Vorstandschaft.<br \/>\n<\/span><span style=\"font-size: small;\">7) Neuwahlen<br \/>\n<\/span><span style=\"font-size: small;\"> 8) Antr\u00e4ge.<br \/>\n<\/span><span style=\"font-size: small;\">9) Gedanken zum Weiterbestehen des Ortsverbandes <\/span><span style=\"font-size: small;\"><br \/>\n<\/span><span style=\"font-size: small;\"> 10) Verschiedenes.<\/span><span style=\"font-size: small;\"><br \/>\n<\/span><span style=\"font-size: small;\"> 11) Schlussaussprache.<\/span><span style=\"font-size: small;\"><br \/>\n<\/span><\/p>\n<p class=\"western\"><span style=\"font-size: small;\">Ich bitte um zahlreiche Beteiligung und verbleibe <\/span><\/p>\n<p class=\"western\"><span style=\"font-size: small;\">mit vy73<\/span><\/p>\n<p class=\"western\"><span style=\"font-size: small;\">als Euer OVV 27. Okt. 2025<\/span><\/p>\n<p class=\"western\"><span style=\"font-size: small;\">Werner Schmittner, DJ4WG<\/span><\/p>\n<\/div>\n<p>______________________________________________________________<\/p>\n<h3 style=\"text-align: center;\"><strong>APRS LoRa-System<\/strong><\/h3>\n<p>Joachim, DG1NJ-10, Z52 betreibt in Veitsh\u00f6chheim ein LoRa iGATE auf der qrg 433.775 Mhz. Zu sehen unter den Link: <a href=\"https:\/\/aprs.fi\/#!lat=49.7894&amp;lng=9.9262\">https:\/\/aprs.fi\/#!lat=49.7894&amp;lng=9.9262<\/a><\/p>\n<p><u>Einzugsbereich von LoRa iGATE DG1NJ-10:<\/u> Veitsh\u00f6chheim (au\u00dfer Sendelbach), Richtung Nord-West am Main entlang bis nach Karlstadt, H\u00f6chberg, Hettstadter Steige, Neuer Hafen, Industriegebiet Veitsh\u00f6chheim<\/p>\n<p><u>Hardware:<\/u> LoRa32 T3-V1.6.1, 433Mhz, 0,96 Zoll OLED<\/p>\n<table style=\"border-collapse: collapse; width: 100%; height: 278px;\">\n<tbody>\n<tr style=\"height: 278px;\">\n<td style=\"width: 50%; height: 278px;\"><img loading=\"lazy\" decoding=\"async\" class=\"alignnone size-medium wp-image-1797\" src=\"http:\/\/z52.vfdb.org\/wp\/wp-content\/uploads\/2024\/01\/20240131_1112131-300x300.jpg\" alt=\"\" width=\"300\" height=\"300\" srcset=\"https:\/\/z52.vfdb.org\/wp\/wp-content\/uploads\/2024\/01\/20240131_1112131-300x300.jpg 300w, https:\/\/z52.vfdb.org\/wp\/wp-content\/uploads\/2024\/01\/20240131_1112131-2048x2048.jpg 2048w, https:\/\/z52.vfdb.org\/wp\/wp-content\/uploads\/2024\/01\/20240131_1112131-150x150.jpg 150w, https:\/\/z52.vfdb.org\/wp\/wp-content\/uploads\/2024\/01\/20240131_1112131-768x768.jpg 768w, https:\/\/z52.vfdb.org\/wp\/wp-content\/uploads\/2024\/01\/20240131_1112131-1536x1536.jpg 1536w\" sizes=\"auto, (max-width: 300px) 100vw, 300px\" \/><\/td>\n<td style=\"width: 50%; height: 278px;\"><img loading=\"lazy\" decoding=\"async\" class=\"alignnone size-medium wp-image-1793\" src=\"http:\/\/z52.vfdb.org\/wp\/wp-content\/uploads\/2024\/01\/20240127_114240-300x300.jpg\" alt=\"\" width=\"300\" height=\"300\" srcset=\"https:\/\/z52.vfdb.org\/wp\/wp-content\/uploads\/2024\/01\/20240127_114240-300x300.jpg 300w, https:\/\/z52.vfdb.org\/wp\/wp-content\/uploads\/2024\/01\/20240127_114240-2048x2048.jpg 2048w, https:\/\/z52.vfdb.org\/wp\/wp-content\/uploads\/2024\/01\/20240127_114240-150x150.jpg 150w, https:\/\/z52.vfdb.org\/wp\/wp-content\/uploads\/2024\/01\/20240127_114240-768x768.jpg 768w, https:\/\/z52.vfdb.org\/wp\/wp-content\/uploads\/2024\/01\/20240127_114240-1536x1536.jpg 1536w\" sizes=\"auto, (max-width: 300px) 100vw, 300px\" \/><\/td>\n<\/tr>\n<\/tbody>\n<\/table>\n<p><u>Software:<\/u> OE5BPA<\/p>\n<p>In der Umgebung von W\u00fcrzburg sind noch weitere iGATE zu finden z.B. DL6NAV-10, DL9NCY-10, DL5NBU-10, DH5IS-11, DG7NFO-10, DB0AJA-10, DK9NCX-10.<\/p>\n<p>Joachim, DG1NJ<\/p>\n<p>______________________________________________________________<\/p>\n<p style=\"text-align: center;\">Solar-Terrestrial Data (<a href=\"http:\/\/www.qslnet.de\/member1\/dl1zav\/Funkwetter.htm\">Erl\u00e4uterungen zum Panel<\/a>)<\/p>\n<p style=\"text-align: center;\"><a title=\"Click to add Solar-Terrestrial Data to your website!\" href=\"http:\/\/www.hamqsl.com\/solar.html\"><img decoding=\"async\" src=\"http:\/\/www.hamqsl.com\/solar101vhf.php\" \/><\/a><\/p>\n<p>______________________________________________________________<\/p>\n<p><a href=\"http:\/\/z52.vfdb.org\/wp\/wp-content\/uploads\/2014\/02\/vfdb-banner-468x60-rundspruch-3639khz-2.gif\"><img loading=\"lazy\" decoding=\"async\" class=\"aligncenter size-full wp-image-1464\" src=\"http:\/\/z52.vfdb.org\/wp\/wp-content\/uploads\/2014\/02\/vfdb-banner-468x60-rundspruch-3639khz-2.gif\" alt=\"vfdb-banner-468x60-rundspruch-3639khz-2\" width=\"468\" height=\"60\" \/><\/a><\/p>\n<div>\n<div>\n<p style=\"text-align: center;\">um 15:00 Uhr UTC<\/p>\n<p style=\"text-align: center;\">Liebes Mitglied, bitte helfe bei der Verteilung des VFDB-Rundspruchs<br \/>\nmit. Einige unserer Mitglieder haben keine eMail-Adresse. Um diese<br \/>\nerreichen zu k\u00f6nnen, bitten wir um Deine Unterst\u00fctzung. Dazu z\u00e4hlt<br \/>\nauch die Weitergabe an Rundspruchstationen in Deiner Region.<br \/>\nVielen\u00a0Dank daf\u00fcr.<br \/>\nMeldungen f\u00fcr den VFDB-Rundspruch bzw. f\u00fcr die VFDB-Webseite<br \/>\n<a href=\"http:\/\/www.vfdb.org\/\" target=\"_blank\" rel=\"noopener noreferrer\">http:\/\/www.vfdb.org<\/a> k\u00f6nnen formlos per E-Mail an <a target=\"_top\" rel=\"noopener noreferrer\">redaktion@vfdb.org<\/a><br \/>\ngesendet werden. Auch werden Einsendungen per Brief und Fax \u00fcber die<br \/>\nGesch\u00e4ftsstelle an die Redaktion weitergeleitet. Mit Euren Meldungen<br \/>\ngestaltet Ihr einen interessanten und wertvollen VFDB-Rundspruch.<br \/>\nBeste 73 und st\u00f6rungsfreien Empfang<br \/>\nw\u00fcnscht Klaus, DL5RFK<\/p>\n<\/div>\n<\/div>\n","protected":false},"excerpt":{"rendered":"<p>Willkommen beim OV W\u00fcrzburg des VFDB e.V. Z52 mit den Clubstationen DL0DP und DL0FUS \u00a0 \u00a0 \u00a0 \u00a0W\u00fcrzburg Nikolausberg, QTH von DB0WZ\u00a0 \u00a0 \u00a0 \u00a0 \u00a0 \u00a0 \u00a0 \u00a0 \u00a0 \u00a0 \u00a0 \u00a0 \u00a0 \u00a0 \u00a0 \u00a0 \u00a0 \u00a0 \u00a0 &hellip; <a href=\"https:\/\/z52.vfdb.org\/\">Weiterlesen <span class=\"meta-nav\">&rarr;<\/span><\/a><\/p>\n","protected":false},"author":3,"featured_media":0,"parent":0,"menu_order":0,"comment_status":"closed","ping_status":"open","template":"","meta":{"footnotes":""},"class_list":["post-365","page","type-page","status-publish","hentry"],"_links":{"self":[{"href":"https:\/\/z52.vfdb.org\/index.php?rest_route=\/wp\/v2\/pages\/365","targetHints":{"allow":["GET"]}}],"collection":[{"href":"https:\/\/z52.vfdb.org\/index.php?rest_route=\/wp\/v2\/pages"}],"about":[{"href":"https:\/\/z52.vfdb.org\/index.php?rest_route=\/wp\/v2\/types\/page"}],"author":[{"embeddable":true,"href":"https:\/\/z52.vfdb.org\/index.php?rest_route=\/wp\/v2\/users\/3"}],"replies":[{"embeddable":true,"href":"https:\/\/z52.vfdb.org\/index.php?rest_route=%2Fwp%2Fv2%2Fcomments&post=365"}],"version-history":[{"count":230,"href":"https:\/\/z52.vfdb.org\/index.php?rest_route=\/wp\/v2\/pages\/365\/revisions"}],"predecessor-version":[{"id":2072,"href":"https:\/\/z52.vfdb.org\/index.php?rest_route=\/wp\/v2\/pages\/365\/revisions\/2072"}],"wp:attachment":[{"href":"https:\/\/z52.vfdb.org\/index.php?rest_route=%2Fwp%2Fv2%2Fmedia&parent=365"}],"curies":[{"name":"wp","href":"https:\/\/api.w.org\/{rel}","templated":true}]}}