{"id":1934,"date":"2024-04-24T17:41:41","date_gmt":"2024-04-24T15:41:41","guid":{"rendered":"https:\/\/z52.vfdb.org\/?page_id=1934"},"modified":"2025-10-14T15:17:45","modified_gmt":"2025-10-14T13:17:45","slug":"gelesen-test","status":"publish","type":"page","link":"https:\/\/z52.vfdb.org\/?page_id=1934","title":{"rendered":"Gelesen ???"},"content":{"rendered":"<p>&nbsp;<\/p>\n<p style=\"text-align: center;\">Die nachfolgenden Artikel wurden in den Magazinen <a href=\"http:\/\/funkamateur.de\">FUNKAMATEUR<\/a>, kurz <strong>FA,<\/strong>\u00a0bzw.<br \/>\n<a href=\"http:\/\/darc.de\">Deutschen Amateur-Radio-Club e.V.<\/a>, kurz <strong>CQ DL<\/strong>, u. a. als interessant befunden.<\/p>\n<p><strong><br \/>\nFA<\/strong> 4\/25 Seite 332<br \/>\n<strong>Neumayer III sucht Techniker<\/strong><br \/>\nvon Harald Kuhl, DL1AX<br \/>\nAktuell l\u00e4uft die 45. \u00dcberwinterung auf der deutschen Forschungsstation<br \/>\nNeumayer III in der Antarktis. &#8230;..<\/p>\n<p><strong>FA<\/strong> 2\/25 Seite 164<br \/>\n<strong>Duldungsverl\u00e4ngerung f\u00fcr 6 m und 4 m<\/strong><br \/>\nvon Bernd Mischlewski, DF2ZC<br \/>\nLange war nicht sicher, ob Funkamateure mit Zeugnisklasse E im neuen Jahr wieder<br \/>\nSendebetrieb auf 6 m durchf\u00fchren d\u00fcrfen. &#8230;..<\/p>\n<p><strong>FA<\/strong> 12\/24 Seite 1004<br \/>\n<strong>D-STAR-QSO-Party 2024<\/strong><br \/>\nvon Icom<br \/>\nWie in den vergangenen Jahren veranstaltet der japanische Funktechnik-Hersteller<br \/>\nIcom \u00fcber die Jahreswende eine weltweite D-STAR-QSO-Party: vom &#8230;..<\/p>\n<p><strong>FA<\/strong> 11\/24 Seite 920<br \/>\n<strong>Handfunkger\u00e4te verboten<\/strong><br \/>\nvon Harald Kuhl, DL1AX<br \/>\n&#8222;Allen Flugg\u00e4sten auf Fl\u00fcgen nach, von oder \u00fcber Dubai ist die Mitnahme von Pagern<br \/>\nund Walkie-Talkies im aufgegebenen Geb\u00e4ck oder im Handgeb\u00e4ck untersagt. &#8230;..<\/p>\n<p><strong>FA<\/strong> 10\/24 Seite 807<br \/>\n<strong>Wetterprognosen selbst erstellt<\/strong><br \/>\nvon Frank G. Sommer, DC8FG<br \/>\nGeht es um das Wetter, informieren sich die meisten Meschen wohl durch die Wetterberichte in Rundfunk, Fernsehen und Internet. Manche von ihnen &#8230;..<\/p>\n<p>______________________________________________________________<\/p>\n<p>______________________________________________________________<\/p>\n<p><strong>CQ DL<\/strong> 4-2025 Seite 47<br \/>\n<strong>Wie wird die Frequenz eines digitalen Signals angegeben?<\/strong><br \/>\nvon HF-Referat<br \/>\nDie Frage mag banal klingen, ist sie aber nicht. &#8230;..<\/p>\n<p><strong>CQ DL<\/strong> 4-2025 Seite 47<br \/>\n<strong>Hamnet: Vortrag \u00fcber den aktuellen Status<\/strong><br \/>\nvon Redaktion<br \/>\nAuf der FOSDEM hat der DARC-VUS-Referent Jann Traschewski, DG8NGN,<br \/>\neinen Vortrag \u00fcber den aktuellen Status des Hamnets gehalten. &#8230;..<\/p>\n<p><strong>CQ DL<\/strong> 2-2025 Seite 49<br \/>\n<strong>MeshCOM 4.0: Link f\u00fcr Einsteiger<\/strong><br \/>\nvon Andre Vaupel, DL4QB<br \/>\nEine Gruppe von OMs aus dem Raum M\u00fcnsterland und Ruhrgebiet hat sich<br \/>\nmit dem Thema MeshCom 4.0 &#8230;..<\/p>\n<p><strong>CQ DL<\/strong> 2-2025 Seite 5<br \/>\n<strong>TKG- und EMV-Beitr\u00e4ge festgelegt<br \/>\n<\/strong>von Redaktion<br \/>\nMit dem Inkrafttreten der 14. Verordnung zur \u00c4nderung der Frequenzschutzbeitragsverordnung am 7. Januar des Jahres wurden die &#8230;..<\/p>\n<p><strong>CQ DL<\/strong> 11-2024 Seite 52<br \/>\n<strong>Das Koaxialkabel<br \/>\n<\/strong>von Stefan H\u00fcpper, DH5FFL<br \/>\nIrgendwie muss die im Funkger\u00e4t erzeugte Sendeenergie zur Antenne transportiert<br \/>\nwerden &#8211; und umgekehrt unsere Empfangsspannung von der Antenne &#8230;..<\/p>\n<p><strong>CQ DL<\/strong> 10-2024 Seite 15<br \/>\n<strong>DARC-Amateurfunklehrgang Klasse N<\/strong><br \/>\nvon Prof. Dr. Matthias Jung, DL9MJ und Bj\u00f6rn Swierczek, DL1PZ<br \/>\nDer Amateurfunkdienst bietet nicht nur die M\u00f6glichkeit zur pers\u00f6nlichen Wissenserweiterung durch Experimente und kontinuierliche Weiterbildung, sondern &#8230;..<\/p>\n<p>&nbsp;<\/p>\n","protected":false},"excerpt":{"rendered":"<p>&nbsp; Die nachfolgenden Artikel wurden in den Magazinen FUNKAMATEUR, kurz FA,\u00a0bzw. Deutschen Amateur-Radio-Club e.V., kurz CQ DL, u. a. als interessant befunden. FA 4\/25 Seite 332 Neumayer III sucht Techniker von Harald Kuhl, DL1AX Aktuell l\u00e4uft die 45. \u00dcberwinterung auf &hellip; <a href=\"https:\/\/z52.vfdb.org\/?page_id=1934\">Weiterlesen <span class=\"meta-nav\">&rarr;<\/span><\/a><\/p>\n","protected":false},"author":3,"featured_media":0,"parent":0,"menu_order":0,"comment_status":"closed","ping_status":"closed","template":"","meta":{"footnotes":""},"class_list":["post-1934","page","type-page","status-publish","hentry"],"_links":{"self":[{"href":"https:\/\/z52.vfdb.org\/index.php?rest_route=\/wp\/v2\/pages\/1934","targetHints":{"allow":["GET"]}}],"collection":[{"href":"https:\/\/z52.vfdb.org\/index.php?rest_route=\/wp\/v2\/pages"}],"about":[{"href":"https:\/\/z52.vfdb.org\/index.php?rest_route=\/wp\/v2\/types\/page"}],"author":[{"embeddable":true,"href":"https:\/\/z52.vfdb.org\/index.php?rest_route=\/wp\/v2\/users\/3"}],"replies":[{"embeddable":true,"href":"https:\/\/z52.vfdb.org\/index.php?rest_route=%2Fwp%2Fv2%2Fcomments&post=1934"}],"version-history":[{"count":54,"href":"https:\/\/z52.vfdb.org\/index.php?rest_route=\/wp\/v2\/pages\/1934\/revisions"}],"predecessor-version":[{"id":2069,"href":"https:\/\/z52.vfdb.org\/index.php?rest_route=\/wp\/v2\/pages\/1934\/revisions\/2069"}],"wp:attachment":[{"href":"https:\/\/z52.vfdb.org\/index.php?rest_route=%2Fwp%2Fv2%2Fmedia&parent=1934"}],"curies":[{"name":"wp","href":"https:\/\/api.w.org\/{rel}","templated":true}]}}