{"id":1763,"date":"2021-03-03T12:28:40","date_gmt":"2021-03-03T11:28:40","guid":{"rendered":"http:\/\/z52.vfdb.org\/?page_id=1763"},"modified":"2024-02-07T14:44:42","modified_gmt":"2024-02-07T13:44:42","slug":"geostationaerer-satellit-qo-100-10-ghz","status":"publish","type":"page","link":"https:\/\/z52.vfdb.org\/?page_id=1763","title":{"rendered":"Geostation\u00e4rer Satellit  QO-100"},"content":{"rendered":"<p>Ohne gro\u00dfen Aufwand, QSO\u2019s die \u00fcber den Satellit gef\u00fchrt werden, mith\u00f6ren. Klicke auf den nachfolgenden Link:<\/p>\n<p><a href=\"https:\/\/eshail.batc.org.uk\/nb\/\">https:\/\/eshail.batc.org.uk\/nb\/<\/a> (betrieben von BATC\/AMSAT-UK)<\/p>\n<p>Viel Spa\u00df, Eure Vorstandschaft von Z52<\/p>\n<p><strong>P.S.<\/strong> Auf dieser Webseite erscheint demn\u00e4chst ein Beschreibung\/Erfahrungsbericht \u00fcber\u00a0 \u00a0 \u00a0 \u00a0 \u00a0 \u00a0 \u00a0unsere QO-100 Anlage.<\/p>\n","protected":false},"excerpt":{"rendered":"<p>Ohne gro\u00dfen Aufwand, QSO\u2019s die \u00fcber den Satellit gef\u00fchrt werden, mith\u00f6ren. Klicke auf den nachfolgenden Link: https:\/\/eshail.batc.org.uk\/nb\/ (betrieben von BATC\/AMSAT-UK) Viel Spa\u00df, Eure Vorstandschaft von Z52 P.S. Auf dieser Webseite erscheint demn\u00e4chst ein Beschreibung\/Erfahrungsbericht \u00fcber\u00a0 \u00a0 \u00a0 \u00a0 \u00a0 \u00a0 &hellip; <a href=\"https:\/\/z52.vfdb.org\/?page_id=1763\">Weiterlesen <span class=\"meta-nav\">&rarr;<\/span><\/a><\/p>\n","protected":false},"author":3,"featured_media":0,"parent":0,"menu_order":0,"comment_status":"closed","ping_status":"closed","template":"","meta":{"footnotes":""},"class_list":["post-1763","page","type-page","status-publish","hentry"],"_links":{"self":[{"href":"https:\/\/z52.vfdb.org\/index.php?rest_route=\/wp\/v2\/pages\/1763","targetHints":{"allow":["GET"]}}],"collection":[{"href":"https:\/\/z52.vfdb.org\/index.php?rest_route=\/wp\/v2\/pages"}],"about":[{"href":"https:\/\/z52.vfdb.org\/index.php?rest_route=\/wp\/v2\/types\/page"}],"author":[{"embeddable":true,"href":"https:\/\/z52.vfdb.org\/index.php?rest_route=\/wp\/v2\/users\/3"}],"replies":[{"embeddable":true,"href":"https:\/\/z52.vfdb.org\/index.php?rest_route=%2Fwp%2Fv2%2Fcomments&post=1763"}],"version-history":[{"count":7,"href":"https:\/\/z52.vfdb.org\/index.php?rest_route=\/wp\/v2\/pages\/1763\/revisions"}],"predecessor-version":[{"id":1810,"href":"https:\/\/z52.vfdb.org\/index.php?rest_route=\/wp\/v2\/pages\/1763\/revisions\/1810"}],"wp:attachment":[{"href":"https:\/\/z52.vfdb.org\/index.php?rest_route=%2Fwp%2Fv2%2Fmedia&parent=1763"}],"curies":[{"name":"wp","href":"https:\/\/api.w.org\/{rel}","templated":true}]}}