{"id":155,"date":"2011-02-26T17:07:37","date_gmt":"2011-02-26T16:07:37","guid":{"rendered":"http:\/\/z52.vfdb.org\/wp\/?page_id=155"},"modified":"2024-12-14T14:52:28","modified_gmt":"2024-12-14T13:52:28","slug":"links","status":"publish","type":"page","link":"https:\/\/z52.vfdb.org\/?page_id=155","title":{"rendered":"Links"},"content":{"rendered":"<p style=\"text-align: left;\"><strong>Haftungshinweis:<\/strong> Nachfolgende Links f\u00fchren zu externen Webseiten. Trotz sorgf\u00e4ltiger inhaltlicher Kontrolle \u00fcbernimmt der Ortverband W\u00fcrzburg des VFDB e.V. keinerlei Haftung f\u00fcr deren Inhalte. F\u00fcr die Inhalte der verlinkten Seiten sind ausschlie\u00dflich deren Betreiber verantwortlich.<\/p>\n<p style=\"text-align: left;\"><strong>Vereine<\/strong><\/p>\n<p><a href=\"http:\/\/www.vfdb.org\/\">1. Dachorganisation des VFDB e.V.<\/a><\/p>\n<p><a href=\"http:\/\/www.darc.de\">2.\u00a0Deutscher Amateur-Radio-Club e.V.<\/a><\/p>\n<p><a href=\"http:\/\/www.aatis.de\/content\/\">3. Arbeitskreis Amateurfunk und Telekommunikation in der Schule e.V.<\/a><\/p>\n<p><a href=\"http:\/\/www.amateurfunk-unterfranken.org\/\">4. Amateurfunk Unterfranken\u00a0e.V.<\/a><\/p>\n<p><a href=\"http:\/\/drc.bz\">5. Dolomites Radio Club<\/a><\/p>\n<p><a href=\"https:\/\/alexander.n.se\/en\/\">6. SAQ Grimeton<\/a><\/p>\n<p>&#8212;&#8212;&#8212;&#8212;&#8212;&#8212;&#8212;&#8212;&#8212;&#8212;&#8212;&#8212;&#8212;&#8212;&#8212;&#8212;&#8212;&#8212;&#8212;&#8212;&#8212;&#8212;&#8212;&#8212;&#8212;&#8212;&#8212;&#8212;&#8212;&#8212;-<\/p>\n<p><strong>Ortsverb\u00e4nde des Deutschen Amateur-Radio-Club e.V. in W\u00fcrzburg<\/strong><\/p>\n<p><a href=\"http:\/\/www.darc.de\/distrikte\/b\/17\">1. Ortsverband\u00a0B17<\/a><\/p>\n<p><a href=\"http:\/\/www.darc.de\/distrikte\/b\/18\">2. Ortsverband B18<\/a><\/p>\n<p>&#8212;&#8212;&#8212;&#8212;&#8212;&#8212;&#8212;&#8212;&#8212;&#8212;&#8212;&#8212;&#8212;&#8212;&#8212;&#8212;&#8212;&#8212;&#8212;&#8212;&#8212;&#8212;&#8212;&#8212;&#8212;&#8212;&#8212;&#8212;&#8212;&#8212;-<\/p>\n<p><strong>Bundesbeh\u00f6rde<\/strong><\/p>\n<p>1. Bundesnetzagentur -&gt; <a href=\"http:\/\/ans.bundesnetzagentur.de\/Amateurfunk\/Rufzeichen.aspx\">Rufzeichen suchen<\/a><\/p>\n<p>2. Bundesnetzagentur -&gt; <a href=\"https:\/\/emf3.bundesnetzagentur.de\/afu.html\">EMVU\/BEMFV<\/a><\/p>\n<p>3. Bundesnetzagentur -&gt; <a href=\"https:\/\/www.bundesnetzagentur.de\/DE\/Sachgebiete\/Telekommunikation\/Unternehmen_Institutionen\/Frequenzen\/Grundlagen\/Frequenzplan\/frequenzplan-node.html\">Frequenzplan<\/a><\/p>\n<p>&#8212;&#8212;&#8212;&#8212;&#8212;&#8212;&#8212;&#8212;&#8212;&#8212;&#8212;&#8212;&#8212;&#8212;&#8212;&#8212;&#8212;&#8212;&#8212;&#8212;&#8212;&#8212;&#8212;&#8212;&#8212;&#8212;&#8212;&#8212;&#8212;&#8212;-<\/p>\n<p><strong>Sonstiges<\/strong><\/p>\n<p><span style=\"color: #3366ff;\"><a style=\"color: #3366ff;\" href=\"https:\/\/aprs.fi\/#!lat=49.7894&amp;lng=9.9262\">1. APRS<\/a><\/span>\u00a0(Automatic Position Reporting System)<\/p>\n<p><a href=\"http:\/\/www.ncdxf.org\/beacon.htm\">2. Homepage des International Beacon Project<\/a><\/p>\n<p><a href=\"http:\/\/www.funkamateur.de\">3. Funkamateur.de<\/a><\/p>\n<p><a href=\"https:\/\/50ohm.de\/\">4. Ausbildung<\/a><\/p>\n","protected":false},"excerpt":{"rendered":"<p>Haftungshinweis: Nachfolgende Links f\u00fchren zu externen Webseiten. Trotz sorgf\u00e4ltiger inhaltlicher Kontrolle \u00fcbernimmt der Ortverband W\u00fcrzburg des VFDB e.V. keinerlei Haftung f\u00fcr deren Inhalte. F\u00fcr die Inhalte der verlinkten Seiten sind ausschlie\u00dflich deren Betreiber verantwortlich. Vereine 1. Dachorganisation des VFDB e.V. &hellip; <a href=\"https:\/\/z52.vfdb.org\/?page_id=155\">Weiterlesen <span class=\"meta-nav\">&rarr;<\/span><\/a><\/p>\n","protected":false},"author":3,"featured_media":0,"parent":0,"menu_order":6,"comment_status":"closed","ping_status":"open","template":"","meta":{"footnotes":""},"class_list":["post-155","page","type-page","status-publish","hentry"],"_links":{"self":[{"href":"https:\/\/z52.vfdb.org\/index.php?rest_route=\/wp\/v2\/pages\/155","targetHints":{"allow":["GET"]}}],"collection":[{"href":"https:\/\/z52.vfdb.org\/index.php?rest_route=\/wp\/v2\/pages"}],"about":[{"href":"https:\/\/z52.vfdb.org\/index.php?rest_route=\/wp\/v2\/types\/page"}],"author":[{"embeddable":true,"href":"https:\/\/z52.vfdb.org\/index.php?rest_route=\/wp\/v2\/users\/3"}],"replies":[{"embeddable":true,"href":"https:\/\/z52.vfdb.org\/index.php?rest_route=%2Fwp%2Fv2%2Fcomments&post=155"}],"version-history":[{"count":64,"href":"https:\/\/z52.vfdb.org\/index.php?rest_route=\/wp\/v2\/pages\/155\/revisions"}],"predecessor-version":[{"id":2050,"href":"https:\/\/z52.vfdb.org\/index.php?rest_route=\/wp\/v2\/pages\/155\/revisions\/2050"}],"wp:attachment":[{"href":"https:\/\/z52.vfdb.org\/index.php?rest_route=%2Fwp%2Fv2%2Fmedia&parent=155"}],"curies":[{"name":"wp","href":"https:\/\/api.w.org\/{rel}","templated":true}]}}