{"id":1149,"date":"2013-07-16T17:57:09","date_gmt":"2013-07-16T15:57:09","guid":{"rendered":"http:\/\/z52.vfdb.org\/?page_id=1149"},"modified":"2017-05-15T09:38:10","modified_gmt":"2017-05-15T07:38:10","slug":"geratesammlung","status":"publish","type":"page","link":"https:\/\/z52.vfdb.org\/?page_id=1149","title":{"rendered":"Ger\u00e4tesammlung"},"content":{"rendered":"<p>Nachfolgend sehen Sie einen Auszug aus der historischen Ger\u00e4tesammlung von DJ4WG.<\/p>\n<p style=\"text-align: center;\"><span style=\"text-decoration: underline;\"><strong>Empf\u00e4nger von Collins\u00a0<\/strong><\/span><\/p>\n<p>Den absoluten H\u00f6hepunkt der Entwicklung von Empf\u00e4ngern, welche mit R\u00f6hren best\u00fcckt sind, bildet das Empf\u00e4ngerpaar R-390A und R-392, das in den f\u00fcnfziger Jahren von Collins entwickelt und von mehreren Firmen gebaut wurde. Beide \u00fcberstreichen den Frequenzbereich 500 kHz bis 32 MHz in 1-MHz-Segmenten. Durch einen\u00a0 gro\u00dfen mechanischen Aufwand wurden Einknopfabstimmung, au\u00dferordentliche Frequenzstabilit\u00e4t und nicht zu \u00fcbertreffende Ablesegenauigkeit erreicht.<\/p>\n<p>W\u00e4hrend der R-390 f\u00fcr Netzbetrieb ausgelegt ist und bei eingeschalteten Thermostat\u00f6fen 240 W ben\u00f6tigt, arbeitet der R-392 mit 24\u201328 Volt Gleichspannung, welche auch als Anodenspannung verwendet wird, bei ca. 80 W Leistungsaufnahme. Beide sind Schwergewichte und wiegen 47 bzw. 24 kg.<\/p>\n<div id=\"attachment_1161\" style=\"width: 610px\" class=\"wp-caption aligncenter\"><a href=\"http:\/\/z52.vfdb.org\/wp\/wp-content\/uploads\/2013\/07\/DJ4WG1_1.jpg\"><img loading=\"lazy\" decoding=\"async\" aria-describedby=\"caption-attachment-1161\" class=\"size-full wp-image-1161 \" src=\"http:\/\/z52.vfdb.org\/wp\/wp-content\/uploads\/2013\/07\/DJ4WG1_1.jpg\" alt=\"DJ4WG1_1\" width=\"600\" height=\"400\" srcset=\"https:\/\/z52.vfdb.org\/wp\/wp-content\/uploads\/2013\/07\/DJ4WG1_1.jpg 600w, https:\/\/z52.vfdb.org\/wp\/wp-content\/uploads\/2013\/07\/DJ4WG1_1-300x200.jpg 300w\" sizes=\"auto, (max-width: 600px) 100vw, 600px\" \/><\/a><p id=\"caption-attachment-1161\" class=\"wp-caption-text\">Foto: DJ4WG1_1<\/p><\/div>\n<p>Frontansicht des R-390A mit 19-Zoll-Frontplatte. Rechts unten der Bandsegmentschalter und unter der mechanisch-digitalen Skala der Hauptabstimmknopf. Mit Hilfe zahlreicher Bedienelemente l\u00e4sst sich der Empf\u00e4nger an verschieden Empfangssituationen anpassen.<\/p>\n<div id=\"attachment_1165\" style=\"width: 610px\" class=\"wp-caption aligncenter\"><a href=\"http:\/\/z52.vfdb.org\/wp\/wp-content\/uploads\/2013\/07\/DJ4WG2_2.jpg\"><img loading=\"lazy\" decoding=\"async\" aria-describedby=\"caption-attachment-1165\" class=\"size-full wp-image-1165 \" src=\"http:\/\/z52.vfdb.org\/wp\/wp-content\/uploads\/2013\/07\/DJ4WG2_2.jpg\" alt=\"DJ4WG2_2\" width=\"600\" height=\"400\" srcset=\"https:\/\/z52.vfdb.org\/wp\/wp-content\/uploads\/2013\/07\/DJ4WG2_2.jpg 600w, https:\/\/z52.vfdb.org\/wp\/wp-content\/uploads\/2013\/07\/DJ4WG2_2-300x200.jpg 300w\" sizes=\"auto, (max-width: 600px) 100vw, 600px\" \/><\/a><p id=\"caption-attachment-1165\" class=\"wp-caption-text\">Foto: DJ4WG2_2<\/p><\/div>\n<p>Blick von oben in das ge\u00f6ffnete Ger\u00e4t. Zu erkennen sind die Spulens\u00e4tze der mitlaufenden Vorselektion.<\/p>\n<div id=\"attachment_1170\" style=\"width: 610px\" class=\"wp-caption aligncenter\"><a href=\"http:\/\/z52.vfdb.org\/wp\/wp-content\/uploads\/2013\/07\/DJ4WG4_4.jpg\"><img loading=\"lazy\" decoding=\"async\" aria-describedby=\"caption-attachment-1170\" class=\"size-full wp-image-1170 \" src=\"http:\/\/z52.vfdb.org\/wp\/wp-content\/uploads\/2013\/07\/DJ4WG4_4.jpg\" alt=\"DJ4WG4_4\" width=\"600\" height=\"400\" srcset=\"https:\/\/z52.vfdb.org\/wp\/wp-content\/uploads\/2013\/07\/DJ4WG4_4.jpg 600w, https:\/\/z52.vfdb.org\/wp\/wp-content\/uploads\/2013\/07\/DJ4WG4_4-300x200.jpg 300w\" sizes=\"auto, (max-width: 600px) 100vw, 600px\" \/><\/a><p id=\"caption-attachment-1170\" class=\"wp-caption-text\">Foto: DJ4WG4_4<\/p><\/div>\n<p>Hinter der Frontplatte befindet sich das umfangreiche Getriebe zum Bewegen der Tauchkerne der Spulens\u00e4tze<\/p>\n<div id=\"attachment_1175\" style=\"width: 610px\" class=\"wp-caption aligncenter\"><a href=\"http:\/\/z52.vfdb.org\/wp\/wp-content\/uploads\/2013\/07\/DJ4WG6_6.jpg\"><img loading=\"lazy\" decoding=\"async\" aria-describedby=\"caption-attachment-1175\" class=\"size-full wp-image-1175 \" src=\"http:\/\/z52.vfdb.org\/wp\/wp-content\/uploads\/2013\/07\/DJ4WG6_6.jpg\" alt=\"DJ4WG6_6\" width=\"600\" height=\"400\" srcset=\"https:\/\/z52.vfdb.org\/wp\/wp-content\/uploads\/2013\/07\/DJ4WG6_6.jpg 600w, https:\/\/z52.vfdb.org\/wp\/wp-content\/uploads\/2013\/07\/DJ4WG6_6-300x200.jpg 300w\" sizes=\"auto, (max-width: 600px) 100vw, 600px\" \/><\/a><p id=\"caption-attachment-1175\" class=\"wp-caption-text\">Foto: DJ4WG6_6<\/p><\/div>\n<p style=\"text-align: left;\">Gesamtansicht des R-392., der 28-Volt-Version..<\/p>\n<div id=\"attachment_1176\" style=\"width: 610px\" class=\"wp-caption aligncenter\"><a href=\"http:\/\/z52.vfdb.org\/wp\/wp-content\/uploads\/2013\/07\/DJ4WG7_7.jpg\"><img loading=\"lazy\" decoding=\"async\" aria-describedby=\"caption-attachment-1176\" class=\"size-full wp-image-1176 \" src=\"http:\/\/z52.vfdb.org\/wp\/wp-content\/uploads\/2013\/07\/DJ4WG7_7.jpg\" alt=\"DJ4WG7_7\" width=\"600\" height=\"400\" srcset=\"https:\/\/z52.vfdb.org\/wp\/wp-content\/uploads\/2013\/07\/DJ4WG7_7.jpg 600w, https:\/\/z52.vfdb.org\/wp\/wp-content\/uploads\/2013\/07\/DJ4WG7_7-300x200.jpg 300w\" sizes=\"auto, (max-width: 600px) 100vw, 600px\" \/><\/a><p id=\"caption-attachment-1176\" class=\"wp-caption-text\">Foto: DJ4WG7_7<\/p><\/div>\n<p>Frontplatte mit den Bedienelementen. Auch die Spannungs- und HF-Zuf\u00fchrung sind \u00fcber die Frontplatte gef\u00fchrt, da das Geh\u00e4use allseitig geschlossen und wetterfest ist.<\/p>\n<div id=\"attachment_1179\" style=\"width: 610px\" class=\"wp-caption aligncenter\"><a href=\"http:\/\/z52.vfdb.org\/wp\/wp-content\/uploads\/2013\/07\/DJ4WG8_8.jpg\"><img loading=\"lazy\" decoding=\"async\" aria-describedby=\"caption-attachment-1179\" class=\"size-full wp-image-1179 \" src=\"http:\/\/z52.vfdb.org\/wp\/wp-content\/uploads\/2013\/07\/DJ4WG8_8.jpg\" alt=\"DJ4WG8_8\" width=\"600\" height=\"400\" srcset=\"https:\/\/z52.vfdb.org\/wp\/wp-content\/uploads\/2013\/07\/DJ4WG8_8.jpg 600w, https:\/\/z52.vfdb.org\/wp\/wp-content\/uploads\/2013\/07\/DJ4WG8_8-300x200.jpg 300w\" sizes=\"auto, (max-width: 600px) 100vw, 600px\" \/><\/a><p id=\"caption-attachment-1179\" class=\"wp-caption-text\">Foto: DJ4WG8_8<\/p><\/div>\n<p style=\"text-align: left;\">Blick in das Ger\u00e4t von oben. Man erkennt wieder die Spulens\u00e4tze der Vorselektion, das zugeh\u00f6rige Getriebe und die \u00fcbrigen Baugruppen.<\/p>\n<div id=\"attachment_1181\" style=\"width: 610px\" class=\"wp-caption aligncenter\"><a href=\"http:\/\/z52.vfdb.org\/wp\/wp-content\/uploads\/2013\/07\/DJ4WG9_9.jpg\"><img loading=\"lazy\" decoding=\"async\" aria-describedby=\"caption-attachment-1181\" class=\"size-full wp-image-1181 \" src=\"http:\/\/z52.vfdb.org\/wp\/wp-content\/uploads\/2013\/07\/DJ4WG9_9.jpg\" alt=\"DJ4WG9_9\" width=\"600\" height=\"400\" srcset=\"https:\/\/z52.vfdb.org\/wp\/wp-content\/uploads\/2013\/07\/DJ4WG9_9.jpg 600w, https:\/\/z52.vfdb.org\/wp\/wp-content\/uploads\/2013\/07\/DJ4WG9_9-300x200.jpg 300w\" sizes=\"auto, (max-width: 600px) 100vw, 600px\" \/><\/a><p id=\"caption-attachment-1181\" class=\"wp-caption-text\">Foto: DJ4WG9_9<\/p><\/div>\n<p style=\"text-align: left;\">Blick in das Ger\u00e4t von unten. Das braune, zylindrische Bauteil ist der legend\u00e4re Collins-PTO, neben den Quarzoszillatoren das Hauptabstimmelement des Ger\u00e4tes.<\/p>\n<div id=\"attachment_1188\" style=\"width: 610px\" class=\"wp-caption aligncenter\"><a href=\"http:\/\/z52.vfdb.org\/wp\/wp-content\/uploads\/2013\/07\/DJ4WG10_101.jpg\"><img loading=\"lazy\" decoding=\"async\" aria-describedby=\"caption-attachment-1188\" class=\"size-full wp-image-1188 \" src=\"http:\/\/z52.vfdb.org\/wp\/wp-content\/uploads\/2013\/07\/DJ4WG10_101.jpg\" alt=\"DJ4WG10_10\" width=\"600\" height=\"400\" srcset=\"https:\/\/z52.vfdb.org\/wp\/wp-content\/uploads\/2013\/07\/DJ4WG10_101.jpg 600w, https:\/\/z52.vfdb.org\/wp\/wp-content\/uploads\/2013\/07\/DJ4WG10_101-300x200.jpg 300w\" sizes=\"auto, (max-width: 600px) 100vw, 600px\" \/><\/a><p id=\"caption-attachment-1188\" class=\"wp-caption-text\">Foto: DJ4WG10_10<\/p><\/div>\n<p style=\"text-align: left;\">Passend zu den Empf\u00e4ngern gibt es einen Fernschreibkonverter. Dieser \u00fcbernimmt die ZF und tastet damit den Linienstrom der angeschlossenen RTTY-Ger\u00e4te.<\/p>\n<p style=\"text-align: center;\"><span style=\"text-decoration: underline;\"><strong>Das Radio-Set ARC 5 (SCR-274-N)<\/strong><\/span><\/p>\n<p>Zur drahtlosen Kommunikation im Flugzeug mit anderen Flugzeugen und Bodenstationen wurde in den vierziger Jahren in den USA eine Serie von Ger\u00e4ten entwickelt, die \u00e4u\u00dferlich identisch und elektrisch kompatibel waren. Insgesamt gab es 7 verschiedene Empf\u00e4nger und 9 verschiedene Sender f\u00fcr diverse Frequenzbereiche bis 156 MHz. F\u00fcr den Einsatz konnten bis zu 4 dieser Ger\u00e4te auf Standard-Grundplatten zusammengestellt werden.<\/p>\n<p>Bei abgesetztem Betrieb in einsitzigen Flugzeugen wurden die Einheiten mechanisch von einer Kontrollbox aus fernabgestimmt.\u00a0 Erg\u00e4nzt wurden die Ger\u00e4te durch eine Antennenrelaiseinheit, einer Box zum Anschluss von Headsets und einem Modulator, der gleichzeitig einen rotierenden Umformer zum Betrieb des Senders enthielt. Die Anodenspannung f\u00fcr den Empf\u00e4nger erzeugte ein auf jedem Empf\u00e4nger montierter Umformer.<\/p>\n<p>N\u00e4here technische Einzelheiten stehen Interessenten gerne zur Verf\u00fcgung. Ein 200-seitiges Originalhandbuch mit diversen Erg\u00e4nzungen ist vorhanden.<\/p>\n<div id=\"attachment_1192\" style=\"width: 610px\" class=\"wp-caption aligncenter\"><a href=\"http:\/\/z52.vfdb.org\/wp\/wp-content\/uploads\/2013\/07\/DJ4WG12_121.jpg\"><img loading=\"lazy\" decoding=\"async\" aria-describedby=\"caption-attachment-1192\" class=\"size-full wp-image-1192 \" src=\"http:\/\/z52.vfdb.org\/wp\/wp-content\/uploads\/2013\/07\/DJ4WG12_121.jpg\" alt=\"DJ4WG12_12\" width=\"600\" height=\"400\" srcset=\"https:\/\/z52.vfdb.org\/wp\/wp-content\/uploads\/2013\/07\/DJ4WG12_121.jpg 600w, https:\/\/z52.vfdb.org\/wp\/wp-content\/uploads\/2013\/07\/DJ4WG12_121-300x200.jpg 300w\" sizes=\"auto, (max-width: 600px) 100vw, 600px\" \/><\/a><p id=\"caption-attachment-1192\" class=\"wp-caption-text\">Foto: DJ4WG12_12<\/p><\/div>\n<p>Sender BC 457 (4 &#8211; 5.3 MHz) und Empf\u00e4nger BC 454 (3 &#8211; 6 MHz)<\/p>\n<div id=\"attachment_1195\" style=\"width: 610px\" class=\"wp-caption aligncenter\"><a href=\"http:\/\/z52.vfdb.org\/wp\/wp-content\/uploads\/2013\/07\/DJ4WG13_13.jpg\"><img loading=\"lazy\" decoding=\"async\" aria-describedby=\"caption-attachment-1195\" class=\"size-full wp-image-1195\" src=\"http:\/\/z52.vfdb.org\/wp\/wp-content\/uploads\/2013\/07\/DJ4WG13_13.jpg\" alt=\"DJ4WG13_13\" width=\"600\" height=\"400\" srcset=\"https:\/\/z52.vfdb.org\/wp\/wp-content\/uploads\/2013\/07\/DJ4WG13_13.jpg 600w, https:\/\/z52.vfdb.org\/wp\/wp-content\/uploads\/2013\/07\/DJ4WG13_13-300x200.jpg 300w\" sizes=\"auto, (max-width: 600px) 100vw, 600px\" \/><\/a><p id=\"caption-attachment-1195\" class=\"wp-caption-text\">Foto: DJ4WG13_13<\/p><\/div>\n<p>Ge\u00f6ffneter Sender mit PA-Spule, Oszillator- und Endr\u00f6hren sowie einem Steckquarz mit Oszillatorr\u00f6hre und magischem Auge zum Eichen des Senders. Empf\u00e4nger mit Abschirmhauben und dem zylindrischen rotierenden Umformer.<\/p>\n<p>&nbsp;<\/p>\n<p style=\"text-align: center;\"><span style=\"text-decoration: underline;\"><strong>Der Collins-VFO<\/strong><\/span><\/p>\n<p style=\"text-align: left;\">Die Umsetzung der Empfangsfrequenzen auf die variable Zwischenfrequenz von 2,000 &#8211; 3,000 MHz erfolgt mit quarzstabilisierten Oszillatoren. Zum Herabmischen auf die letzte ZF von 455 KHz wird ein VFO eingesetzt, der den Bereich von 2,455 &#8211; 3,455 MHz \u00fcberstreicht. Diesem VFO wurden besondere Aufmerksamkeit gewidmet. Die elektrische Schaltung entspricht einem Hartley-Oszillator, angeregt durch eine Pentode EF93 oder eine Hexode EK90. Durch die Auswahl an Bauteilen wurde eine gute Unabh\u00e4ngigkeit von Temperaturschwankungen erreicht. In einigen Ger\u00e4ten wird der VFO durch einen Thermostaten auf konstanter Temperatur gehalten.<br \/>\nEin Eisenkern, durch eine Gewindespindel spielfrei bewegt, taucht zur Abstimmung in eine Spule mit anwachsender Wicklungssteigung ein. Dadurch wird erreicht, dass sich die Frequenz linear und proporzional zum Drehwinkel der Spindel \u00e4ndert. So kann die Frequenz mechanisch digital angezeigt werden. Eventuelle Unlinearit\u00e4ten in der Abstimmung werden dadurch ausgeglichen, dass sich zusammen mit dem Eisenkern\u00a0 eine Gabel \u00fcber ein Paket aus verschiebbaren Metallpl\u00e4ttchen bewegt. Diese Pl\u00e4ttchen werden f\u00fcr jeden VFO individuell eingestellt und festgeklemmt. Durch die Bewegung der Gabel eilt der Kern auf der Spindel der Drehung um kleine Betr\u00e4ge voraus oder hinterher. So wird eine Ablesegenauigkeit von weniger als 1 KHz \u00fcber den ganzen Bereich erzielt.<\/p>\n<div id=\"attachment_1251\" style=\"width: 610px\" class=\"wp-caption aligncenter\"><a href=\"http:\/\/z52.vfdb.org\/wp\/wp-content\/uploads\/2013\/07\/DJ4WG14_14.jpg\"><img loading=\"lazy\" decoding=\"async\" aria-describedby=\"caption-attachment-1251\" class=\"size-full wp-image-1251 \" src=\"http:\/\/z52.vfdb.org\/wp\/wp-content\/uploads\/2013\/07\/DJ4WG14_14.jpg\" alt=\"Foto\" width=\"600\" height=\"400\" srcset=\"https:\/\/z52.vfdb.org\/wp\/wp-content\/uploads\/2013\/07\/DJ4WG14_14.jpg 600w, https:\/\/z52.vfdb.org\/wp\/wp-content\/uploads\/2013\/07\/DJ4WG14_14-300x200.jpg 300w\" sizes=\"auto, (max-width: 600px) 100vw, 600px\" \/><\/a><p id=\"caption-attachment-1251\" class=\"wp-caption-text\">Foto: DJ4WG14_14<\/p><\/div>\n<p>VFO im Geh\u00e4use mit der Oszillatorr\u00f6hre und einer weiteren Stufe<\/p>\n<div id=\"attachment_1258\" style=\"width: 610px\" class=\"wp-caption aligncenter\"><a href=\"http:\/\/z52.vfdb.org\/wp\/wp-content\/uploads\/2013\/07\/DJ4WG16_16.jpg\"><img loading=\"lazy\" decoding=\"async\" aria-describedby=\"caption-attachment-1258\" class=\"size-full wp-image-1258\" src=\"http:\/\/z52.vfdb.org\/wp\/wp-content\/uploads\/2013\/07\/DJ4WG16_16.jpg\" alt=\"DJ4WG16_16\" width=\"600\" height=\"400\" srcset=\"https:\/\/z52.vfdb.org\/wp\/wp-content\/uploads\/2013\/07\/DJ4WG16_16.jpg 600w, https:\/\/z52.vfdb.org\/wp\/wp-content\/uploads\/2013\/07\/DJ4WG16_16-300x200.jpg 300w\" sizes=\"auto, (max-width: 600px) 100vw, 600px\" \/><\/a><p id=\"caption-attachment-1258\" class=\"wp-caption-text\">Foto: DJ4WG16_16<\/p><\/div>\n<p>Seitenansicht mit Spindel, Kern und Oszillatorspule<\/p>\n<div id=\"attachment_1261\" style=\"width: 610px\" class=\"wp-caption aligncenter\"><a href=\"http:\/\/z52.vfdb.org\/wp\/wp-content\/uploads\/2013\/07\/DJ4WG19_19.jpg\"><img loading=\"lazy\" decoding=\"async\" aria-describedby=\"caption-attachment-1261\" class=\"size-full wp-image-1261\" src=\"http:\/\/z52.vfdb.org\/wp\/wp-content\/uploads\/2013\/07\/DJ4WG19_19.jpg\" alt=\"DJ4WG19_19\" width=\"600\" height=\"400\" srcset=\"https:\/\/z52.vfdb.org\/wp\/wp-content\/uploads\/2013\/07\/DJ4WG19_19.jpg 600w, https:\/\/z52.vfdb.org\/wp\/wp-content\/uploads\/2013\/07\/DJ4WG19_19-300x200.jpg 300w\" sizes=\"auto, (max-width: 600px) 100vw, 600px\" \/><\/a><p id=\"caption-attachment-1261\" class=\"wp-caption-text\">Foto: DJ4WG19_19<\/p><\/div>\n<p class=\"mceTemp mceIEcenter\">Linearit\u00e4tsabgleich mit den Rollen an den Gabelenden und dem Paket mit Metallpl\u00e4ttchen<\/p>\n<p style=\"text-align: center;\">\u00a0<a href=\"http:\/\/z52.vfdb.org\/wp\/wp-content\/uploads\/2013\/10\/DJ4WG20_20.jpg\"><img loading=\"lazy\" decoding=\"async\" class=\"aligncenter size-full wp-image-1385\" src=\"http:\/\/z52.vfdb.org\/wp\/wp-content\/uploads\/2013\/10\/DJ4WG20_20.jpg\" alt=\"DJ4WG20_20\" width=\"600\" height=\"315\" srcset=\"https:\/\/z52.vfdb.org\/wp\/wp-content\/uploads\/2013\/10\/DJ4WG20_20.jpg 600w, https:\/\/z52.vfdb.org\/wp\/wp-content\/uploads\/2013\/10\/DJ4WG20_20-300x157.jpg 300w\" sizes=\"auto, (max-width: 600px) 100vw, 600px\" \/><\/a><\/p>\n<p>Trotz der sehr einfachen Schaltung setzten die Eigenschaften des VFO neue Ma\u00dfst\u00e4be in Bezug auf Stabilit\u00e4t und Linearit\u00e4t. Es wurden sogar ganze UKW-Transceiver um diesen VFO herum gebaut.<\/p>\n","protected":false},"excerpt":{"rendered":"<p>Nachfolgend sehen Sie einen Auszug aus der historischen Ger\u00e4tesammlung von DJ4WG. Empf\u00e4nger von Collins\u00a0 Den absoluten H\u00f6hepunkt der Entwicklung von Empf\u00e4ngern, welche mit R\u00f6hren best\u00fcckt sind, bildet das Empf\u00e4ngerpaar R-390A und R-392, das in den f\u00fcnfziger Jahren von Collins entwickelt &hellip; <a href=\"https:\/\/z52.vfdb.org\/?page_id=1149\">Weiterlesen <span class=\"meta-nav\">&rarr;<\/span><\/a><\/p>\n","protected":false},"author":3,"featured_media":0,"parent":754,"menu_order":2,"comment_status":"closed","ping_status":"open","template":"","meta":{"footnotes":""},"class_list":["post-1149","page","type-page","status-publish","hentry"],"_links":{"self":[{"href":"https:\/\/z52.vfdb.org\/index.php?rest_route=\/wp\/v2\/pages\/1149","targetHints":{"allow":["GET"]}}],"collection":[{"href":"https:\/\/z52.vfdb.org\/index.php?rest_route=\/wp\/v2\/pages"}],"about":[{"href":"https:\/\/z52.vfdb.org\/index.php?rest_route=\/wp\/v2\/types\/page"}],"author":[{"embeddable":true,"href":"https:\/\/z52.vfdb.org\/index.php?rest_route=\/wp\/v2\/users\/3"}],"replies":[{"embeddable":true,"href":"https:\/\/z52.vfdb.org\/index.php?rest_route=%2Fwp%2Fv2%2Fcomments&post=1149"}],"version-history":[{"count":70,"href":"https:\/\/z52.vfdb.org\/index.php?rest_route=\/wp\/v2\/pages\/1149\/revisions"}],"predecessor-version":[{"id":1670,"href":"https:\/\/z52.vfdb.org\/index.php?rest_route=\/wp\/v2\/pages\/1149\/revisions\/1670"}],"up":[{"embeddable":true,"href":"https:\/\/z52.vfdb.org\/index.php?rest_route=\/wp\/v2\/pages\/754"}],"wp:attachment":[{"href":"https:\/\/z52.vfdb.org\/index.php?rest_route=%2Fwp%2Fv2%2Fmedia&parent=1149"}],"curies":[{"name":"wp","href":"https:\/\/api.w.org\/{rel}","templated":true}]}}